{"id":2,"date":"2024-04-27T20:10:24","date_gmt":"2024-04-27T18:10:24","guid":{"rendered":"http:\/\/assoneuropsy13.fr\/?page_id=2"},"modified":"2025-02-08T13:57:51","modified_gmt":"2025-02-08T12:57:51","slug":"adhesion","status":"publish","type":"page","link":"https:\/\/assoneuropsy13.fr\/index.php\/adhesion\/","title":{"rendered":"Adh\u00e9sion \u00e0 Neuropsy13"},"content":{"rendered":"\t\t<div data-elementor-type=\"wp-page\" data-elementor-id=\"2\" class=\"elementor elementor-2\">\n\t\t\t\t<div class=\"elementor-element elementor-element-1d33b68 e-flex e-con-boxed e-con e-parent\" data-id=\"1d33b68\" data-element_type=\"container\">\n\t\t\t\t\t<div class=\"e-con-inner\">\n\t\t\t\t<div class=\"elementor-element elementor-element-894e404 elementor-widget elementor-widget-text-editor\" data-id=\"894e404\" data-element_type=\"widget\" data-widget_type=\"text-editor.default\">\n\t\t\t\t<div class=\"elementor-widget-container\">\n\t\t\t\t\t\t\t\t\t<h3>L&rsquo;adh\u00e9sion \u00e0 l&rsquo;association est ouverte aux psychologues sp\u00e9cialis\u00e9s en neuropsychologie r\u00e9sidant dans les Bouches-du-Rh\u00f4ne mais \u00e9galement aux \u00e9tudiants en master et aux autres professionnels de sant\u00e9 en lien avec la neuropsychologie.<\/h3>\t\t\t\t\t\t\t\t<\/div>\n\t\t\t\t<\/div>\n\t\t\t\t<div class=\"elementor-element elementor-element-ed31c7c elementor-widget-divider--view-line elementor-widget elementor-widget-divider\" data-id=\"ed31c7c\" data-element_type=\"widget\" data-widget_type=\"divider.default\">\n\t\t\t\t<div class=\"elementor-widget-container\">\n\t\t\t\t\t\t\t<div class=\"elementor-divider\">\n\t\t\t<span class=\"elementor-divider-separator\">\n\t\t\t\t\t\t<\/span>\n\t\t<\/div>\n\t\t\t\t\t\t<\/div>\n\t\t\t\t<\/div>\n\t\t\t\t\t<\/div>\n\t\t\t\t<\/div>\n\t\t<div class=\"elementor-element elementor-element-7b74bd88 e-flex e-con-boxed e-con e-parent\" data-id=\"7b74bd88\" data-element_type=\"container\">\n\t\t\t\t\t<div class=\"e-con-inner\">\n\t\t\t\t<div class=\"elementor-element elementor-element-5baba86e elementor-widget elementor-widget-text-editor\" data-id=\"5baba86e\" data-element_type=\"widget\" data-widget_type=\"text-editor.default\">\n\t\t\t\t<div class=\"elementor-widget-container\">\n\t\t\t\t\t\t\t\t\t<p><\/p>\n<blockquote class=\"wp-block-quote has-medium-font-size is-layout-flow wp-block-quote-is-layout-flow\">\n<p><\/p>\n<p><em>En adh\u00e9rant \u00e0 Neuropsy13, vous adh\u00e9rez automatiquement \u00e0 NeuropsyPACA et b\u00e9n\u00e9ficiez de leurs communications.<\/em><\/p>\n<p>Pour\u00a0 adh\u00e9rer veuillez :\u00a0<\/p>\n<p><span style=\"font-size: var(--wp--preset--font-size--medium); text-align: var(--text-align); letter-spacing: 0px;\">Remplir le formulaire en suivant le lien : <\/span><a style=\"font-size: var(--wp--preset--font-size--medium); text-align: var(--text-align); background-color: #ffffff; letter-spacing: 0px;\" href=\"https:\/\/docs.google.com\/forms\/d\/e\/1FAIpQLSehL0EThIysEFbSwMOU7dQ4QfcXRrpdcZa9zQJR8tyHYuEeVw\/viewform?vc=0&amp;c=0&amp;w=1&amp;flr=0&amp;gxids=7628\">Questionnaire Adh\u00e9sion<\/a><\/p>\n<p><\/p>\n<p>\u00a0<\/p>\n<p>Payer la cotisation annuelle de 10\u20ac (sauf \u00e9tudiants : 0\u20ac)<\/p>\n<p><\/p>\n<ul class=\"wp-block-list\">\n<li style=\"list-style-type: none;\">\n<ul><\/ul>\n<\/li>\n<\/ul>\n<ul>\n<li style=\"list-style-type: none;\">\n<ul>\n<li>Soit par Paypal :<\/li>\n<\/ul>\n<\/li>\n<\/ul>\n<p><\/p>\n<p><\/p>\n<\/blockquote>\n<p><\/p>\n<p><\/p>\n<div class=\"wp-block-columns is-layout-flex wp-container-core-columns-is-layout-9d6595d7 wp-block-columns-is-layout-flex\">\n<p><\/p>\n<div class=\"wp-block-column is-layout-flow wp-block-column-is-layout-flow\" style=\"flex-basis: 100%;\">\n<p><\/p>\n<div class=\"wp-block-group\"><div class=\"wp-block-group__inner-container is-layout-constrained wp-block-group-is-layout-constrained\">\n<p><\/p>\n<div id=\"wp-block-themeisle-blocks-button-group-639b799f\" class=\"wp-block-themeisle-blocks-button-group wp-block-buttons align-left-desktop\">\n<p><\/p>\n<div id=\"wp-block-themeisle-blocks-button-f3147b89\" class=\"wp-block-themeisle-blocks-button wp-block-button\"><a class=\"wp-block-button__link\" href=\"https:\/\/www.paypal.com\/ncp\/payment\/JDDZ6VHFZCVWC\" target=\"_self\" rel=\"noopener noreferrer\">Paypal<\/a><\/div>\n<p><\/p>\n<\/div>\n<p><\/p>\n<p><\/p>\n<\/div><\/div>\n<p><\/p>\n<\/div>\n<p><\/p>\n<\/div>\n<p><\/p>\n<blockquote class=\"wp-block-quote is-layout-flow wp-block-quote-is-layout-flow\">\n<p><\/p>\n<ul class=\"wp-block-list\">\n<li style=\"list-style-type: none;\">\n<ul><\/ul>\n<\/li>\n<\/ul>\n<ul>\n<li style=\"list-style-type: none;\">\n<ul>\n<li class=\"has-medium-font-size\">Soit par ch\u00e8que \u00e0 l\u2019adresse suivante\u00a0 :<br \/>Alexia AIT ABBAS (neuropsychologue)<br \/>Clinique Saint Martin<br \/>183 Route des Camoins\u00a0<br \/>13011 Marseille<\/li>\n<\/ul>\n<\/li>\n<\/ul>\n<p><\/p>\n<ul>\n<li style=\"list-style-type: none;\">\n<ul>\n<li class=\"has-medium-font-size\">Soit par virement bancaire (demande de RIB\u00a0\u00e0\u00a0asso.neuropsy13@gmail.com)<\/li>\n<\/ul>\n<\/li>\n<\/ul>\n<p><\/p>\n<p><\/p>\n<\/blockquote>\n<p><\/p>\t\t\t\t\t\t\t\t<\/div>\n\t\t\t\t<\/div>\n\t\t\t\t\t<\/div>\n\t\t\t\t<\/div>\n\t\t<div class=\"elementor-element elementor-element-eb08f24 e-flex e-con-boxed e-con e-parent\" data-id=\"eb08f24\" data-element_type=\"container\">\n\t\t\t\t\t<div class=\"e-con-inner\">\n\t\t\t\t<div class=\"elementor-element elementor-element-0c47f53 elementor-widget elementor-widget-image\" data-id=\"0c47f53\" data-element_type=\"widget\" data-widget_type=\"image.default\">\n\t\t\t\t<div class=\"elementor-widget-container\">\n\t\t\t\t\t\t\t\t\t\t\t\t\t\t\t<img fetchpriority=\"high\" decoding=\"async\" width=\"715\" height=\"129\" src=\"https:\/\/assoneuropsy13.fr\/wp-content\/uploads\/2024\/04\/bandeau-2.jpg\" class=\"attachment-large size-large wp-image-12\" alt=\"\" srcset=\"https:\/\/assoneuropsy13.fr\/wp-content\/uploads\/2024\/04\/bandeau-2.jpg 715w, https:\/\/assoneuropsy13.fr\/wp-content\/uploads\/2024\/04\/bandeau-2-300x54.jpg 300w\" sizes=\"(max-width: 715px) 100vw, 715px\" \/>\t\t\t\t\t\t\t\t\t\t\t\t\t\t\t<\/div>\n\t\t\t\t<\/div>\n\t\t\t\t\t<\/div>\n\t\t\t\t<\/div>\n\t\t\t\t<\/div>\n\t\t","protected":false},"excerpt":{"rendered":"<p>L&rsquo;adh\u00e9sion \u00e0 l&rsquo;association est ouverte aux psychologues sp\u00e9cialis\u00e9s en neuropsychologie r\u00e9sidant dans les Bouches-du-Rh\u00f4ne mais \u00e9galement aux \u00e9tudiants en master et aux autres professionnels de sant\u00e9 en lien avec la neuropsychologie.<\/p>\n","protected":false},"author":1,"featured_media":0,"parent":0,"menu_order":0,"comment_status":"closed","ping_status":"open","template":"","meta":{"_themeisle_gutenberg_block_has_review":false,"footnotes":""},"class_list":["post-2","page","type-page","status-publish","hentry"],"_links":{"self":[{"href":"https:\/\/assoneuropsy13.fr\/index.php\/wp-json\/wp\/v2\/pages\/2","targetHints":{"allow":["GET"]}}],"collection":[{"href":"https:\/\/assoneuropsy13.fr\/index.php\/wp-json\/wp\/v2\/pages"}],"about":[{"href":"https:\/\/assoneuropsy13.fr\/index.php\/wp-json\/wp\/v2\/types\/page"}],"author":[{"embeddable":true,"href":"https:\/\/assoneuropsy13.fr\/index.php\/wp-json\/wp\/v2\/users\/1"}],"replies":[{"embeddable":true,"href":"https:\/\/assoneuropsy13.fr\/index.php\/wp-json\/wp\/v2\/comments?post=2"}],"version-history":[{"count":38,"href":"https:\/\/assoneuropsy13.fr\/index.php\/wp-json\/wp\/v2\/pages\/2\/revisions"}],"predecessor-version":[{"id":467,"href":"https:\/\/assoneuropsy13.fr\/index.php\/wp-json\/wp\/v2\/pages\/2\/revisions\/467"}],"wp:attachment":[{"href":"https:\/\/assoneuropsy13.fr\/index.php\/wp-json\/wp\/v2\/media?parent=2"}],"curies":[{"name":"wp","href":"https:\/\/api.w.org\/{rel}","templated":true}]}}