{"id":28,"date":"2024-04-28T09:16:21","date_gmt":"2024-04-28T07:16:21","guid":{"rendered":"https:\/\/assoneuropsy13.fr\/?page_id=28"},"modified":"2026-01-27T07:50:10","modified_gmt":"2026-01-27T06:50:10","slug":"association","status":"publish","type":"page","link":"https:\/\/assoneuropsy13.fr\/index.php\/association\/","title":{"rendered":"L&rsquo;association"},"content":{"rendered":"<div class=\"wp-block-image\">\n<figure class=\"aligncenter size-full is-resized\"><img fetchpriority=\"high\" decoding=\"async\" width=\"715\" height=\"129\" src=\"http:\/\/assoneuropsy13.fr\/wp-content\/uploads\/2024\/04\/bandeau-2.jpg\" alt=\"\" class=\"wp-image-12\" style=\"width:592px;height:auto\" srcset=\"https:\/\/assoneuropsy13.fr\/wp-content\/uploads\/2024\/04\/bandeau-2.jpg 715w, https:\/\/assoneuropsy13.fr\/wp-content\/uploads\/2024\/04\/bandeau-2-300x54.jpg 300w\" sizes=\"(max-width: 715px) 100vw, 715px\" \/><\/figure>\n<\/div>\n\n\n<div class=\"wp-block-columns is-layout-flex wp-container-core-columns-is-layout-9d6595d7 wp-block-columns-is-layout-flex\">\n<div class=\"wp-block-column is-layout-flow wp-block-column-is-layout-flow\" style=\"flex-basis:100%\">\n<p><em><strong>Cette association a pour objet de susciter, soutenir et promouvoir toute action de diffusion d\u2019information, de formation ou de recherche concourant \u00e0 une f\u00e9d\u00e9ration d\u00e9partementale des psychologues sp\u00e9cialis\u00e9s en neuropsychologie (neuropsychologues).<\/strong><\/em><\/p>\n<\/div>\n<\/div>\n\n\n\n<p>Le conseil coll\u00e9gial : <\/p>\n\n\n\n<ul class=\"wp-block-list\">\n<li>Val\u00e9rie Pourtier &#8211; Pr\u00e9sidente<\/li>\n\n\n\n<li>Jade M\u00e9riaux &#8211; Vice Pr\u00e9sidente<\/li>\n\n\n\n<li>Alexia Ait Abbas &#8211; Tr\u00e9sori\u00e8re<\/li>\n\n\n\n<li>Morgane Bul\u00e9on &#8211; Secr\u00e9taire<\/li>\n\n\n\n<li>Tristan Desiles &#8211; Webmaster<\/li>\n<\/ul>\n\n\n\n<p>Retrouvez nos statuts associatifs ainsi que notre r\u00e8glement int\u00e9rieur ici : <\/p>\n\n\n\n<div class=\"wp-block-file\"><a id=\"wp-block-file--media-2845428f-fdf0-414f-8428-c510cb2cf952\" href=\"https:\/\/assoneuropsy13.fr\/wp-content\/uploads\/2026\/01\/STATUTS-NEUROPSY13-2026.doc\">STATUTS NEUROPSY13 2026<\/a><a href=\"https:\/\/assoneuropsy13.fr\/wp-content\/uploads\/2026\/01\/STATUTS-NEUROPSY13-2026.doc\" class=\"wp-block-file__button wp-element-button\" download aria-describedby=\"wp-block-file--media-2845428f-fdf0-414f-8428-c510cb2cf952\">T\u00e9l\u00e9charger<\/a><\/div>\n\n\n\n<div class=\"wp-block-file\"><a id=\"wp-block-file--media-513d95e4-e994-47ad-b156-a7522e2a5d7d\" href=\"https:\/\/assoneuropsy13.fr\/wp-content\/uploads\/2026\/01\/ri-2026.docx\">r\u00e8glement int\u00e9rieur-2026<\/a><a href=\"https:\/\/assoneuropsy13.fr\/wp-content\/uploads\/2026\/01\/ri-2026.docx\" class=\"wp-block-file__button wp-element-button\" download aria-describedby=\"wp-block-file--media-513d95e4-e994-47ad-b156-a7522e2a5d7d\">T\u00e9l\u00e9charger<\/a><\/div>\n\n\n\n<p><\/p>\n","protected":false},"excerpt":{"rendered":"<p>Cette association a pour objet de susciter, soutenir et promouvoir toute action de diffusion d\u2019information, de formation ou de recherche concourant \u00e0 une f\u00e9d\u00e9ration d\u00e9partementale des psychologues sp\u00e9cialis\u00e9s en neuropsychologie (neuropsychologues). Le conseil coll\u00e9gial : Retrouvez nos statuts associatifs ainsi que notre r\u00e8glement int\u00e9rieur ici :<\/p>\n","protected":false},"author":1,"featured_media":0,"parent":0,"menu_order":0,"comment_status":"closed","ping_status":"closed","template":"","meta":{"_themeisle_gutenberg_block_has_review":false,"footnotes":""},"class_list":["post-28","page","type-page","status-publish","hentry"],"_links":{"self":[{"href":"https:\/\/assoneuropsy13.fr\/index.php\/wp-json\/wp\/v2\/pages\/28","targetHints":{"allow":["GET"]}}],"collection":[{"href":"https:\/\/assoneuropsy13.fr\/index.php\/wp-json\/wp\/v2\/pages"}],"about":[{"href":"https:\/\/assoneuropsy13.fr\/index.php\/wp-json\/wp\/v2\/types\/page"}],"author":[{"embeddable":true,"href":"https:\/\/assoneuropsy13.fr\/index.php\/wp-json\/wp\/v2\/users\/1"}],"replies":[{"embeddable":true,"href":"https:\/\/assoneuropsy13.fr\/index.php\/wp-json\/wp\/v2\/comments?post=28"}],"version-history":[{"count":8,"href":"https:\/\/assoneuropsy13.fr\/index.php\/wp-json\/wp\/v2\/pages\/28\/revisions"}],"predecessor-version":[{"id":504,"href":"https:\/\/assoneuropsy13.fr\/index.php\/wp-json\/wp\/v2\/pages\/28\/revisions\/504"}],"wp:attachment":[{"href":"https:\/\/assoneuropsy13.fr\/index.php\/wp-json\/wp\/v2\/media?parent=28"}],"curies":[{"name":"wp","href":"https:\/\/api.w.org\/{rel}","templated":true}]}}